{"id":8,"date":"2016-12-28T05:53:52","date_gmt":"2016-12-28T05:53:52","guid":{"rendered":"https:\/\/raratheme.com\/preview\/construction-landing-page\/?page_id=8"},"modified":"2025-04-24T04:16:28","modified_gmt":"2025-04-24T04:16:28","slug":"home","status":"publish","type":"page","link":"https:\/\/www.azhouse.io.vn\/","title":{"rendered":"X\u00e2y nh\u00e0 m\u01a1 \u01b0\u1edbc b\u1eaft \u0111\u1ea7u t\u1eeb m\u1ed9t k\u1ebf ho\u1ea1ch th\u00f4ng minh."},"content":{"rendered":"<p>X\u00e2y nh\u00e0 tr\u1ecdn g\u00f3i t\u1eeb l\u00ean \u00fd t\u01b0\u1edfng, thi\u1ebft k\u1ebf \u0111\u1ebfn thi c\u00f4ng v\u00e0 b\u00e0n giao \u2013 t\u1ea5t c\u1ea3 trong m\u1ed9t d\u1ecbch v\u1ee5 uy t\u00edn.<\/p>\n","protected":false},"excerpt":{"rendered":"<p>X\u00e2y nh\u00e0 tr\u1ecdn g\u00f3i t\u1eeb l\u00ean \u00fd t\u01b0\u1edfng, thi\u1ebft k\u1ebf \u0111\u1ebfn thi c\u00f4ng v\u00e0 b\u00e0n giao \u2013 t\u1ea5t c\u1ea3 trong &hellip; <\/p>\n","protected":false},"author":1,"featured_media":256,"parent":0,"menu_order":0,"comment_status":"closed","ping_status":"closed","template":"template-home.php","meta":{"footnotes":""},"class_list":["post-8","page","type-page","status-publish","has-post-thumbnail","hentry"],"_links":{"self":[{"href":"https:\/\/www.azhouse.io.vn\/index.php\/wp-json\/wp\/v2\/pages\/8","targetHints":{"allow":["GET"]}}],"collection":[{"href":"https:\/\/www.azhouse.io.vn\/index.php\/wp-json\/wp\/v2\/pages"}],"about":[{"href":"https:\/\/www.azhouse.io.vn\/index.php\/wp-json\/wp\/v2\/types\/page"}],"author":[{"embeddable":true,"href":"https:\/\/www.azhouse.io.vn\/index.php\/wp-json\/wp\/v2\/users\/1"}],"replies":[{"embeddable":true,"href":"https:\/\/www.azhouse.io.vn\/index.php\/wp-json\/wp\/v2\/comments?post=8"}],"version-history":[{"count":1,"href":"https:\/\/www.azhouse.io.vn\/index.php\/wp-json\/wp\/v2\/pages\/8\/revisions"}],"predecessor-version":[{"id":257,"href":"https:\/\/www.azhouse.io.vn\/index.php\/wp-json\/wp\/v2\/pages\/8\/revisions\/257"}],"wp:featuredmedia":[{"embeddable":true,"href":"https:\/\/www.azhouse.io.vn\/index.php\/wp-json\/wp\/v2\/media\/256"}],"wp:attachment":[{"href":"https:\/\/www.azhouse.io.vn\/index.php\/wp-json\/wp\/v2\/media?parent=8"}],"curies":[{"name":"wp","href":"https:\/\/api.w.org\/{rel}","templated":true}]}}